{"id":791,"date":"2021-10-03T10:38:38","date_gmt":"2021-10-03T09:38:38","guid":{"rendered":"https:\/\/test.forumprowallisellen.ch\/wordpress\/?page_id=791"},"modified":"2022-06-29T15:48:01","modified_gmt":"2022-06-29T14:48:01","slug":"behoerdenmitglieder","status":"publish","type":"page","link":"https:\/\/www.forumprowallisellen.ch\/index.php\/behoerdenmitglieder\/","title":{"rendered":"Beh\u00f6rdenmitglieder"},"content":{"rendered":"\n<p class=\"has-medium-font-size\"><strong>Stadtrat<\/strong><\/p>\n\n\n<div class='rt-container-fluid rt-team-container rt-pos-r rt-team-container-780' id='rt-team-container-3907333448'  data-layout='layout4' data-desktop-col='4'  data-tab-col='3'  data-mobile-col='1' data-sc-id='780' data-popup-bg=''><div data-title='Loading ...' class='rt-row rt-content-loader layout4 ttp-even ttp-pre-loader'><div class=\"rt-col-md-3 rt-col-sm-4 rt-col-xs-12  even-grid-item rt-grid-item\" data-id=\"899\"><div class=\"single-team-area\"><div class=\"single-team\"><figure><img loading=\"lazy\" decoding=\"async\" width=\"150\" height=\"150\" src=\"https:\/\/www.forumprowallisellen.ch\/wp-content\/uploads\/2021\/10\/FpW_Peter_sm-150x150.jpg\" class=\"img-responsive rt-team-img\" alt=\"Peter Sp\u00f6rri\" \/><\/figure><div class=\"overlay\"><div class=\"overlay-element\"><div class=\"tlp-content2\"><h3><span class=\"team-name\">Peter Sp\u00f6rri<\/span><\/h3><\/div><\/div><\/div><\/div><\/div><\/div><div class=\"rt-col-md-3 rt-col-sm-4 rt-col-xs-12  even-grid-item rt-grid-item\" data-id=\"697\"><div class=\"single-team-area\"><div class=\"single-team\"><figure><img loading=\"lazy\" decoding=\"async\" width=\"150\" height=\"150\" src=\"https:\/\/www.forumprowallisellen.ch\/wp-content\/uploads\/2021\/09\/ForumProWallisellen_Verena_Web-e1766353743687-150x150.jpg\" class=\"img-responsive rt-team-img\" alt=\"Verena Frangi Granwehr\" \/><\/figure><div class=\"overlay\"><div class=\"overlay-element\"><div class=\"tlp-content2\"><h3><span class=\"team-name\">Verena Frangi Granwehr<\/span><\/h3><div class=\"tlp-position\">Stadtr\u00e4tin (bisher) - Parteilos\/Forum<\/div><div class=\"short-bio\"><p>F\u00fcr Wallisellen. F\u00fcrs Miteinander. F\u00fcrs Weiterkommen.<\/p>\n<p>Mein \u00f6ffentliches Engagement in den unterschiedlichsten Bereichen ist vielf\u00e4ltig und nah an den Menschen. Es reicht vom Evangelischen Frauenverein, Turniertanzsportclub, P\u00e4ckliaktion oder Bring- und Holb\u00f6rse. Ich setze mich aktiv und wirksam f\u00fcr Menschen aller Generationen ein, meine soziale Haltung setzt nicht allein auf den Staat und Fachpersonen, ich mobilisiere Kr\u00e4fte der Freiwilligenarbeit und Selbstorganisation. In der aktuellen Legislatur sind zentrale Themen Jugendmitwirkung, Altersleitbild und Konzept und Pflegevorsorge in Wallisellen.<\/p>\n<p>Insta: @verenafrangi<\/p>\n<\/div><\/div><\/div><\/div><\/div><\/div><\/div><div class=\"rt-col-md-3 rt-col-sm-4 rt-col-xs-12  even-grid-item rt-grid-item\" data-id=\"693\"><div class=\"single-team-area\"><div class=\"single-team\"><figure><img loading=\"lazy\" decoding=\"async\" width=\"150\" height=\"150\" src=\"https:\/\/www.forumprowallisellen.ch\/wp-content\/uploads\/2021\/09\/Phlipp_pink-150x150.png\" class=\"img-responsive rt-team-img\" alt=\"Philipp Maurer\" \/><\/figure><div class=\"overlay\"><div class=\"overlay-element\"><div class=\"tlp-content2\"><h3><span class=\"team-name\">Philipp Maurer<\/span><\/h3><div class=\"tlp-position\">neu als Stadtpr\u00e4sident, Stadtrat (bisher) - Gr\u00fcne\/Forum<\/div><div class=\"short-bio\"><p>Zuh\u00f6ren, Vermitteln und Gestalten<\/p>\n<p>Ich bin seit acht Jahren im Stadtrat und kenne die Herausforderungen in Wallisellen sehr gut. Ich setze mich f\u00fcr eine sachliche und l\u00f6sungsorientierte Politik ein, zum Beispiel bei den Themen thermische Netze, Strassenraum und Landwirtschaft. Als langj\u00e4hriges Mitglied des Forums engagiere ich mich f\u00fcr bezahlbaren Wohnraum, Biodiversit\u00e4t und eine nachhaltige Entwicklung der Stadt.<\/p>\n<p>Ich denke langfristig, handle pragmatisch und setze mich ein f\u00fcr ein lebenswertes, klimaneutrales und sozial starkes Wallisellen.<\/p>\n<p>Wallisellen braucht jetzt Erfahrung, Verantwortungsbewusstsein und echten Gestaltungswillen. Deshalb kandidiere ich 2026 f\u00fcr das Stadtpr\u00e4sidium.<\/p>\n<p>Insta: @gruene_wallisellen<\/p>\n<\/div><\/div><\/div><\/div><\/div><\/div><\/div><div class=\"rt-loading-overlay\"><\/div><div class=\"rt-loading rt-ball-clip-rotate\"><div><\/div><\/div><\/div><\/div>\n\n\n\n<hr class=\"wp-block-separator\"\/>\n\n\n\n<p class=\"has-medium-font-size\"><strong>Schule<\/strong><\/p>\n\n\n<div class='rt-container-fluid rt-team-container rt-pos-r rt-team-container-894' id='rt-team-container-4216310484'  data-layout='layout4' data-desktop-col='4'  data-tab-col='2'  data-mobile-col='1' data-sc-id='894' data-popup-bg=''><div data-title='Loading ...' class='rt-row rt-content-loader layout4 ttp-even ttp-pre-loader'><div class=\"rt-col-md-3 rt-col-sm-6 rt-col-xs-12  even-grid-item rt-grid-item\" data-id=\"398\"><div class=\"single-team-area\"><div class=\"single-team\"><figure><img loading=\"lazy\" decoding=\"async\" width=\"150\" height=\"150\" src=\"https:\/\/www.forumprowallisellen.ch\/wp-content\/uploads\/2020\/12\/ForumProWallisellen_Simone_Web-e1766354214885-150x150.jpg\" class=\"img-responsive rt-team-img\" alt=\"Simone de Redelijkheid-Pfister\" \/><\/figure><div class=\"overlay\"><div class=\"overlay-element\"><div class=\"tlp-content2\"><h3><span class=\"team-name\">Simone de Redelijkheid-Pfister<\/span><\/h3><div class=\"tlp-position\">Stadtr\u00e4tin (neu), bisher Schulpflege - Parteilos\/Forum<\/div><div class=\"short-bio\"><p>Nah dran. Echt engagiert.<\/p>\n<p>Eidg. dipl. Immobilientreuh\u00e4nderin und selbst\u00e4ndige Unternehmerin, Berufsschullehrerin W&amp;G, Jahrgang 1972, verheiratet, drei erwachsene T\u00f6chter.<\/p>\n<p>In den vergangenen acht Jahren habe ich als Schulpflegerin breite politische Erfahrung gesammelt und durch meine langj\u00e4hrige T\u00e4tigkeit als selbst\u00e4ndige Unternehmerin kenne ich auch die Herausforderungen der Privatwirtschaft.<\/p>\n<p>Mein Ziel ist es, dass die Bev\u00f6lkerung von Wallisellen f\u00fcr ihre Steuerfranken einen hohen Nutzen erh\u00e4lt: Eine moderne Infrastruktur, attraktive Arbeits- und Lebensbedingungen, zug\u00e4ngliche und gr\u00fcne Erholungsr\u00e4ume sowie Orte f\u00fcr Begegnung und Austausch.<\/p>\n<p>Mit pragmatischen, l\u00f6sungsorientierten Ans\u00e4tzen setze ich mich f\u00fcr eine qualitativ starke Weiterentwicklung unserer Stadt ein \u2013 immer mit Blick auf das Ganze und die Interessen der Bev\u00f6lkerung.<\/p>\n<p>Gleichzeitig ist mir wichtig, dass im Stadtrat mehr als nur eine weibliche Stimme vertreten ist. F\u00fcr mehr Ausgewogenheit, Vielfalt und eine starke Vertretung unterschiedlicher Perspektiven kandidiere ich bei dieser Wahl.<\/p>\n<p>Meine Schwerpunkte<\/p>\n<p>Lebensqualit\u00e4t st\u00e4rken - von Infrastruktur bis Begegnungsorten<br \/>\nVereine und Freiwillige f\u00f6rdern - sie sind das Herz unserer Gemeinschaft<br \/>\nNachhaltig denken - f\u00fcr ein lebenswertes Wallisellen, heute und morgen<\/p>\n<p>Insta: @simone_fuer_wallisellen<\/p>\n<\/div><\/div><\/div><\/div><\/div><\/div><\/div><div class=\"rt-col-md-3 rt-col-sm-6 rt-col-xs-12  even-grid-item rt-grid-item\" data-id=\"696\"><div class=\"single-team-area\"><div class=\"single-team\"><figure><img loading=\"lazy\" decoding=\"async\" width=\"150\" height=\"150\" src=\"https:\/\/www.forumprowallisellen.ch\/wp-content\/uploads\/2021\/09\/Rene_rot-2-150x150.png\" class=\"img-responsive rt-team-img\" alt=\"Ren\u00e9 Nussbaumer\" \/><\/figure><div class=\"overlay\"><div class=\"overlay-element\"><div class=\"tlp-content2\"><h3><span class=\"team-name\">Ren\u00e9 Nussbaumer<\/span><\/h3><div class=\"tlp-position\">neu als Schulpr\u00e4sident, Schulpflege (bisher) - SP\/Forum<\/div><div class=\"short-bio\"><p>Ich kandidiere neu als Pr\u00e4sident.<\/p>\n<p>Vorausdenken und klar f\u00fchren.<\/p>\n<p>Bildung bedeutet f\u00fcr mich, nicht nur Fakten zu lernen, sondern Perspektiven zu er\u00f6ffnen und Kreativit\u00e4t zu f\u00f6rdern.<\/p>\n<p>Seit vielen Jahren engagiere ich mich als Bildungspolitiker und Mitglied der Schulpflege Wallisellen, weil ich \u00fcberzeugt bin: Gute Schulen entstehen nicht zuf\u00e4llig \u2013 sie brauchen klare F\u00fchrung, Weitsicht und echtes Zuh\u00f6ren.<\/p>\n<p>Jetzt kandidiere ich neu als Pr\u00e4sident, um der Schule Wallisellen eine Leitung zu geben, die Verantwortung \u00fcbernimmt, Orientierung schafft und Entwicklungen aktiv gestaltet.<\/p>\n<p>Mir ist wichtig, dass unsere Schule nicht nur auf Probleme reagiert, sondern vorausschauend handelt. Dazu geh\u00f6ren eine moderne Bildungslandschaft, verl\u00e4ssliche und attraktive Hortangebote sowie gezielte Unterst\u00fctzung f\u00fcr Kinder, deren Eltern wenig Erfahrung im Bildungssystem haben oder sie zu Hause nur eingeschr\u00e4nkt f\u00f6rdern k\u00f6nnen.<\/p>\n<p>Mein Ziel ist es, die Schule Wallisellen gemeinsam mit Lehrpersonen, Schulleitung, Gesch\u00e4ftsleitung \u2013 und besonders mit Eltern sowie Sch\u00fclerinnen und Sch\u00fclern \u2013 weiterzuentwickeln: mit Respekt, Klarheit und dem Blick nach vorne.<\/p>\n<p>Insta: @spwallisellen_ und @rene.nussbaumer.68<\/p>\n<\/div><\/div><\/div><\/div><\/div><\/div><\/div><div class=\"rt-loading-overlay\"><\/div><div class=\"rt-loading rt-ball-clip-rotate\"><div><\/div><\/div><\/div><\/div>\n\n\n\n<hr class=\"wp-block-separator\"\/>\n\n\n\n<p class=\"has-medium-font-size\"><strong>RGKP<\/strong><\/p>\n\n\n<div class='rt-container-fluid rt-team-container rt-pos-r rt-team-container-895' id='rt-team-container-3119300041'  data-layout='layout3' data-desktop-col='4'  data-tab-col='2'  data-mobile-col='1' data-sc-id='895' data-popup-bg=''><div data-title='Loading ...' class='rt-row rt-content-loader layout3 ttp-even ttp-pre-loader'><div class=\"rt-col-md-3 rt-col-sm-6 rt-col-xs-12  even-grid-item rt-grid-item round-img\" data-id=\"1350\"><div class=\"single-team-area\"><figure><a class=\"\" data-id=\"1350\" target=\"_self\" href=\"https:\/\/www.forumprowallisellen.ch\/index.php\/team\/reto-pfeiffer\/\"><img loading=\"lazy\" decoding=\"async\" width=\"400\" height=\"400\" src=\"https:\/\/www.forumprowallisellen.ch\/wp-content\/uploads\/2022\/06\/Reto_pink-400x400.png\" class=\"img-responsive rt-team-img\" alt=\"Reto Pfeiffer\" \/><\/a><\/figure><div class=\"tlp-content\"><h3><span class=\"team-name\"><a class=\"\" data-id=\"1350\" target=\"_self\" title=\"Reto Pfeiffer\" href=\"https:\/\/www.forumprowallisellen.ch\/index.php\/team\/reto-pfeiffer\/\">Reto Pfeiffer<\/a><\/span><\/h3><div class=\"tlp-position\"><a class=\"\" data-id=\"1350\" target=\"_self\" title=\"Reto Pfeiffer\" href=\"https:\/\/www.forumprowallisellen.ch\/index.php\/team\/reto-pfeiffer\/\">RGPK (bisher) - Gr\u00fcne\/Forum<\/a><\/div><\/div><div class=\"short-bio\"><p>F\u00fcr ein nachhaltiges Wallisellen<\/p>\n<p>Wallisellen ist eine lebenswerte Stadt f\u00fcr alle \u2013 und ich setze mich daf\u00fcr ein, dass das so bleibt. Als Mitglied der RGPK und juristisch versierter Fachmann pr\u00fcfe ich die Stadtfinanzen sorgf\u00e4ltig, unabh\u00e4ngig und verantwortungsbewusst. Eine nachhaltige Finanzpolitik ist f\u00fcr mich die Grundlage, um unsere Stadt \u00f6kologisch, sozial und wirtschaftlich voranzubringen.<\/p>\n<p>Daf\u00fcr stehe ich<\/p>\n<p>Nachhaltige Mobilit\u00e4t &amp; Klima- und Umweltschutz:<br \/>\n- Wir brauchen nachhaltige Energie \u2013 zum Schutz unserer Gesundheit und des Klimas.<br \/>\n- Statt immer mehr Strassen braucht es einen leistungsf\u00e4higen \u00f6ffentlichen Verkehr und gute Wege f\u00fcr den Langsamverkehr.<br \/>\n- Gr\u00fcnr\u00e4ume und revitalisierte Gew\u00e4sser sind zentrale Pfeiler f\u00fcr die Lebensqualit\u00e4t in Wallisellen und f\u00fcr eine Anpassung an den Klimawandel.<\/p>\n<p>Bildung:<br \/>\n- Gute Bildungschancen f\u00fcr alle sind f\u00fcr mich unverzichtbar.<br \/>\n- Investitionen in die Bildung sind Investitionen in unsere gemeinsame Zukunft \u2013 und m\u00fcssen klug und langfristig gedacht werden.<\/p>\n<p>Seit 2022 engagiere ich mich als Mitglied der Rechnungs- und Gesch\u00e4ftspr\u00fcfungskommission Wallisellen f\u00fcr eine transparente, faire und nachhaltige Finanzkontrolle im Interesse der gesamten Bev\u00f6lkerung und m\u00f6chte dies gerne eine weitere Legislatur tun.<\/p>\n<p>Insta: @reto.pfeiffer und @gruene_wallisellen<\/p>\n<\/div><div class=\"contact-info\"><ul><li class=\"tlp-website\"><a target=\"_blank\" href=\"https:\/\/www.reto-pfeiffer.ch\/\"><i class=\"fa fa-globe\"><\/i><span class=\"tlp-url\">https:\/\/www.reto-pfeiffer.ch\/<\/span><\/a><\/li><\/ul><\/div><div class=\"readmore-btn\"><\/div><div class=\"readmore-btn hirme-resume\"><a class=\"rt-ream-me-btn\" data-id=\"1350\" target=\"_self\" title=\"Reto Pfeiffer\" href=\"https:\/\/www.forumprowallisellen.ch\/index.php\/team\/reto-pfeiffer\/\">Read More<\/a><\/div><\/div><\/div><div class=\"rt-col-md-3 rt-col-sm-6 rt-col-xs-12  even-grid-item rt-grid-item round-img\" data-id=\"695\"><div class=\"single-team-area\"><figure><a class=\"\" data-id=\"695\" target=\"_self\" href=\"https:\/\/www.forumprowallisellen.ch\/index.php\/team\/karin-braun\/\"><img loading=\"lazy\" decoding=\"async\" width=\"400\" height=\"400\" src=\"https:\/\/www.forumprowallisellen.ch\/wp-content\/uploads\/2021\/09\/Karin_rot-400x400.png\" class=\"img-responsive rt-team-img\" alt=\"Karin Braun\" \/><\/a><\/figure><div class=\"tlp-content\"><h3><span class=\"team-name\"><a class=\"\" data-id=\"695\" target=\"_self\" title=\"Karin Braun\" href=\"https:\/\/www.forumprowallisellen.ch\/index.php\/team\/karin-braun\/\">Karin Braun<\/a><\/span><\/h3><div class=\"tlp-position\"><a class=\"\" data-id=\"695\" target=\"_self\" title=\"Karin Braun\" href=\"https:\/\/www.forumprowallisellen.ch\/index.php\/team\/karin-braun\/\">RGPK (bisher) - SP\/Forum<\/a><\/div><\/div><div class=\"short-bio\"><p>Gemeinsam. Transparent. Zukunft gestalten.<\/p>\n<p>Ich lebe in Wallisellen, bin hier zuhause und engagiere mich mit \u00dcberzeugung f\u00fcr unsere Gemeinschaft. Seit vielen Jahren arbeite ich in verantwortungsvollen Funktionen in der \u00f6ffentlichen Verwaltung und bringe meine Erfahrung seit acht Jahren in die RGPK ein. Dabei ist mir eine sorgf\u00e4ltige, faire und transparente Pr\u00fcfung der Gemeindefinanzen besonders wichtig \u2013 verantwortungsvoll und im Interesse aller.<\/p>\n<p>Pr\u00fcfen im Dienst der Bev\u00f6lkerung \u2013 fair, transparent, zukunftsgerichtet.<\/p>\n<p>Mir ist wichtig, dass Wallisellen ein lebenswerter Ort f\u00fcr alle bleibt. Darum engagiere ich mich daf\u00fcr, unsere Gemeinschaft zu st\u00e4rken, Generationen zu verbinden und die Lebensqualit\u00e4t nachhaltig zu sichern. Konkret bedeutet das f\u00fcr mich:<\/p>\n<p>- Vereine finanziell und organisatorisch unterst\u00fctzen<br \/>\n- generationen\u00fcbergreifende Angebote schaffen<br \/>\n- mehr Begegnungsorte und bezahlbare R\u00e4ume f\u00fcr Vereine und Freizeitaktivit\u00e4ten bereitstellen<\/p>\n<p>Diese Schwerpunkte geh\u00f6ren f\u00fcr mich zu einem lebendigen Miteinander. Ebenso zentral ist eine gut gepflegte Infrastruktur: Hallen- und Freibad, Sportanlagen, Gr\u00fcnr\u00e4ume und Orte der Begegnung sollen langfristig attraktiv und nutzbar bleiben. Walliseller Familien und Menschen mit geringem Einkommen m\u00f6chte ich durch g\u00fcnstige Eintrittspreise entlasten. Zudem setze ich mich f\u00fcr bezahlbaren Wohnraum und mehr Biodiversit\u00e4t im st\u00e4dtischen Raum ein. Ob Begegnungsorte, g\u00fcnstigen Wohnraum oder attraktive Infrastruktur: finanzierbar bleibt das nur mit soliden Gemeindefinanzen, f\u00fcr die ich mich als RGPK-Mitglied weiterhin einsetzen will.<\/p>\n<p>Insta: @karinbraunbalazs und @spwallisellen_\u00a0<\/p>\n<\/div><div class=\"readmore-btn\"><\/div><div class=\"readmore-btn hirme-resume\"><a class=\"rt-ream-me-btn\" data-id=\"695\" target=\"_self\" title=\"Karin Braun\" href=\"https:\/\/www.forumprowallisellen.ch\/index.php\/team\/karin-braun\/\">Read More<\/a><\/div><\/div><\/div><div class=\"rt-col-md-3 rt-col-sm-6 rt-col-xs-12  even-grid-item rt-grid-item round-img\" data-id=\"670\"><div class=\"single-team-area\"><figure><a class=\"\" data-id=\"670\" target=\"_self\" href=\"https:\/\/www.forumprowallisellen.ch\/index.php\/team\/stefan-cescutti\/\"><img loading=\"lazy\" decoding=\"async\" width=\"400\" height=\"400\" src=\"https:\/\/www.forumprowallisellen.ch\/wp-content\/uploads\/2021\/01\/ForumProWallisellen_Stefan_Web-e1766353382705-400x400.jpg\" class=\"img-responsive rt-team-img\" alt=\"Stefan Cescutti\" \/><\/a><\/figure><div class=\"tlp-content\"><h3><span class=\"team-name\"><a class=\"\" data-id=\"670\" target=\"_self\" title=\"Stefan Cescutti\" href=\"https:\/\/www.forumprowallisellen.ch\/index.php\/team\/stefan-cescutti\/\">Stefan Cescutti<\/a><\/span><\/h3><div class=\"tlp-position\"><a class=\"\" data-id=\"670\" target=\"_self\" title=\"Stefan Cescutti\" href=\"https:\/\/www.forumprowallisellen.ch\/index.php\/team\/stefan-cescutti\/\">RGPK (bisher) - Parteilos\/Forum<\/a><\/div><\/div><div class=\"short-bio\"><p>Mit Herzblut f\u00fcr ein vielf\u00e4ltiges und nachhaltiges Wallisellen<\/p>\n<p>Ich bin 61, verheiratet und Vater von 2 Kindern\u00a0und wohne seit meiner Kindheit in Wallisellen. Ich bin begeisterter Sportler und liebe es meine Aktivit\u00e4ten im Naherholungsgebiet von Wallisellen auszu\u00fcben. Als Herzblut Walliseller bin ich aktives Mitglied des TV Wallisellen und Initiator des Wallisellerlaufes zu Gunsten krebsbetroffener Kinder. Ich arbeite im Finanzwesen einer Bank, Kassier und Vorstandsmitglied des Forums Wallisellens und seit 2022 Mitglied der RGPK.<\/p>\n<p>Da ich mich durch meine berufliche T\u00e4tigkeit in einer Bank t\u00e4glich mit Zahlen und Buchhaltung besch\u00e4ftige und gerne den Hintergrund der Zahlen analysiere, m\u00f6chte ich meine Kenntnisse weiterhin in der RGPK einbringen und mich daf\u00fcr engagieren, dass die Steuergelder gezielt eingesetzt werden und eine lebenswerte Stadtentwicklung erm\u00f6glicht wird.<\/p>\n<p>Da ich mich gerne in der Natur bewege, geh\u00f6rt der Wald zu meinem Lieblingsort in Wallisellen. Durch die Installation einer Solaranlage setze ich in Zusammenarbeit mit die werke f\u00fcr ein nachhaltiges, \u00f6kologisches Wallisellen ein.<\/p>\n<\/div><div class=\"readmore-btn\"><\/div><div class=\"readmore-btn hirme-resume\"><a class=\"rt-ream-me-btn\" data-id=\"670\" target=\"_self\" title=\"Stefan Cescutti\" href=\"https:\/\/www.forumprowallisellen.ch\/index.php\/team\/stefan-cescutti\/\">Read More<\/a><\/div><\/div><\/div><div class=\"rt-loading-overlay\"><\/div><div class=\"rt-loading rt-ball-clip-rotate\"><div><\/div><\/div><\/div><\/div>\n\n\n\n<hr class=\"wp-block-separator\"\/>\n\n\n\n<p class=\"has-medium-font-size\"><strong>Sozialbeh\u00f6rde<\/strong><\/p>\n\n\n<div class='rt-container-fluid rt-team-container rt-pos-r rt-team-container-896' id='rt-team-container-3383238195'  data-layout='layout4' data-desktop-col='4'  data-tab-col='2'  data-mobile-col='1' data-sc-id='896' data-popup-bg=''><div data-title='Loading ...' class='rt-row rt-content-loader layout4 ttp-even ttp-pre-loader'><div class=\"rt-col-md-3 rt-col-sm-6 rt-col-xs-12  even-grid-item rt-grid-item\" data-id=\"1347\"><div class=\"single-team-area\"><div class=\"single-team\"><figure><img loading=\"lazy\" decoding=\"async\" width=\"150\" height=\"150\" src=\"https:\/\/www.forumprowallisellen.ch\/wp-content\/uploads\/2021\/09\/Stephanie_rot-150x150.png\" class=\"img-responsive rt-team-img\" alt=\"St\u00e9phanie Reymond-Liechti\" \/><\/figure><div class=\"overlay\"><div class=\"overlay-element\"><div class=\"tlp-content2\"><h3><span class=\"team-name\">St\u00e9phanie Reymond-Liechti<\/span><\/h3><div class=\"tlp-position\">Sozialbeh\u00f6rde (bisher) - SP\/Forum<\/div><div class=\"short-bio\"><p>Mit Fachkompetenz, Verantwortung und Herz f\u00fcr Wallisellen<\/p>\n<p>Als bisheriges Mitglied der Sozialbeh\u00f6rde und durch meine langj\u00e4hrige T\u00e4tigkeit in verschiedenen sozialen Institutionen im Raum Z\u00fcrich, kenne ich die Aufgaben und Herausforderungen der Sozialbeh\u00f6rde sowie ihrer Kommissionen genau. Diese Erfahrung verbinde ich mit meiner fundierten Fachkompetenz in Sozialer Arbeit und meiner betriebswirtschaftlichen Erfahrung.<\/p>\n<p>Mein berufliches und pers\u00f6nliches Handeln ist gepr\u00e4gt von Verantwortungsbewusstsein, Professionalit\u00e4t, Transparenz und einem respektvollen Miteinander. Diese Haltung leitet mich bei jede Entscheidung \u2013 im Interesse der Menschen in unserer Stadt.<\/p>\n<p>Meine Werte:<br \/>\nIch denke und handle sozial. Chancengleichheit, Nachhaltigkeit und faire Rahmenbedingungen f\u00fcr alle sind zentrale Anliegen, f\u00fcr die ich mich mit \u00dcberzeugung einsetze.<\/p>\n<p>In Wallisellen bin ich aufgewachsen, und gemeinsam mit meiner Familie lebe ich heute wieder hier. Diese tiefe Verbundenheit mit unserer Stadt motiviert mich, mich weiterhin engagiert und verantwortungsvoll f\u00fcr die Sozialbeh\u00f6rde einzusetzen \u2013 f\u00fcr eine Stadt, die niemanden vergisst und gute Perspektiven f\u00fcr alle bietet.<\/p>\n<p>Insta: @stephaniee.rl\u00a0 und @spwallisellen_\u00a0<\/p>\n<\/div><\/div><\/div><\/div><\/div><\/div><\/div><div class=\"rt-loading-overlay\"><\/div><div class=\"rt-loading rt-ball-clip-rotate\"><div><\/div><\/div><\/div><\/div>\n","protected":false},"excerpt":{"rendered":"<p>Stadtrat Schule RGKP Sozialbeh\u00f6rde<\/p>\n","protected":false},"author":1,"featured_media":0,"parent":0,"menu_order":0,"comment_status":"closed","ping_status":"closed","template":"","meta":{"footnotes":""},"class_list":["post-791","page","type-page","status-publish","hentry"],"_links":{"self":[{"href":"https:\/\/www.forumprowallisellen.ch\/index.php\/wp-json\/wp\/v2\/pages\/791","targetHints":{"allow":["GET"]}}],"collection":[{"href":"https:\/\/www.forumprowallisellen.ch\/index.php\/wp-json\/wp\/v2\/pages"}],"about":[{"href":"https:\/\/www.forumprowallisellen.ch\/index.php\/wp-json\/wp\/v2\/types\/page"}],"author":[{"embeddable":true,"href":"https:\/\/www.forumprowallisellen.ch\/index.php\/wp-json\/wp\/v2\/users\/1"}],"replies":[{"embeddable":true,"href":"https:\/\/www.forumprowallisellen.ch\/index.php\/wp-json\/wp\/v2\/comments?post=791"}],"version-history":[{"count":11,"href":"https:\/\/www.forumprowallisellen.ch\/index.php\/wp-json\/wp\/v2\/pages\/791\/revisions"}],"predecessor-version":[{"id":1346,"href":"https:\/\/www.forumprowallisellen.ch\/index.php\/wp-json\/wp\/v2\/pages\/791\/revisions\/1346"}],"wp:attachment":[{"href":"https:\/\/www.forumprowallisellen.ch\/index.php\/wp-json\/wp\/v2\/media?parent=791"}],"curies":[{"name":"wp","href":"https:\/\/api.w.org\/{rel}","templated":true}]}}